{"id":14,"date":"2024-11-13T19:25:25","date_gmt":"2024-11-13T18:25:25","guid":{"rendered":"https:\/\/odolab.osu.cz\/?page_id=14"},"modified":"2025-02-13T13:36:22","modified_gmt":"2025-02-13T12:36:22","slug":"kontakt","status":"publish","type":"page","link":"https:\/\/odolab.osu.cz\/?page_id=14","title":{"rendered":"Kontakt"},"content":{"rendered":"\t\t<div data-elementor-type=\"wp-page\" data-elementor-id=\"14\" class=\"elementor elementor-14\">\n\t\t\t\t<div class=\"elementor-element elementor-element-0239f5d e-flex e-con-boxed e-con e-parent\" data-id=\"0239f5d\" data-element_type=\"container\" data-e-type=\"container\">\n\t\t\t\t\t<div class=\"e-con-inner\">\n\t\t\t\t<div class=\"elementor-element elementor-element-de8b2a5 elementor-widget elementor-widget-text-editor\" data-id=\"de8b2a5\" data-element_type=\"widget\" data-e-type=\"widget\" data-widget_type=\"text-editor.default\">\n\t\t\t\t<div class=\"elementor-widget-container\">\n\t\t\t\t\t\t\t\t\t<p>Adresa: <a class=\"Hyperlink SCXW192589579 BCX8\" href=\"https:\/\/www.google.com\/maps\/place\/data=!4m2!3m1!1s0x4713e32a4d810de3:0xecbf30abaaf6e8e7?sa=X&amp;ved=1t:8290&amp;ictx=111\" target=\"_blank\" rel=\"noreferrer noopener\"><span class=\"TextRun Underlined SCXW192589579 BCX8\" lang=\"CS-CZ\" xml:lang=\"CS-CZ\" data-contrast=\"none\"><span class=\"NormalTextRun SCXW192589579 BCX8\" data-ccp-charstyle=\"Hyperlink\"><span style=\"color: #8a8d57;\">Chittussiho<\/span><\/span><span class=\"NormalTextRun SCXW192589579 BCX8\" style=\"color: #8a8d57;\" data-ccp-charstyle=\"Hyperlink\"> 10, 710 00 Slezsk\u00e1 Ostrava<\/span><\/span><\/a><span class=\"TextRun SCXW192589579 BCX8\" lang=\"CS-CZ\" xml:lang=\"CS-CZ\" data-contrast=\"auto\"><span class=\"NormalTextRun SCXW192589579 BCX8\">, \u010cesk\u00e1 republika<\/span><\/span><span class=\"EOP SCXW192589579 BCX8\" data-ccp-props=\"{}\">\u00a0<br \/><\/span>Email: <span style=\"color: #8a8d57;\"><span class=\"NormalTextRun SCXW234935961 BCX8\">odolabosu<\/span><span class=\"NormalTextRun SCXW234935961 BCX8\">@<\/span><span class=\"NormalTextRun SCXW234935961 BCX8\">gmail.com<\/span><\/span><\/p>\t\t\t\t\t\t\t\t<\/div>\n\t\t\t\t<\/div>\n\t\t\t\t\t<\/div>\n\t\t\t\t<\/div>\n\t\t<div class=\"elementor-element elementor-element-be1ca5f e-flex e-con-boxed e-con e-parent\" data-id=\"be1ca5f\" data-element_type=\"container\" data-e-type=\"container\">\n\t\t\t\t\t<div class=\"e-con-inner\">\n\t\t\t\t<div class=\"elementor-element elementor-element-1963e9a elementor-widget elementor-widget-google_maps\" data-id=\"1963e9a\" data-element_type=\"widget\" data-e-type=\"widget\" data-widget_type=\"google_maps.default\">\n\t\t\t\t<div class=\"elementor-widget-container\">\n\t\t\t\t\t\t\t<div class=\"elementor-custom-embed\">\n\t\t\t<iframe loading=\"lazy\"\n\t\t\t\t\tsrc=\"https:\/\/maps.google.com\/maps?q=Chittussiho%2010%2C%20710%2000%20Slezsk%C3%A1%20Ostrava&#038;t=m&#038;z=16&#038;output=embed&#038;iwloc=near\"\n\t\t\t\t\ttitle=\"Chittussiho 10, 710 00 Slezsk\u00e1 Ostrava\"\n\t\t\t\t\taria-label=\"Chittussiho 10, 710 00 Slezsk\u00e1 Ostrava\"\n\t\t\t><\/iframe>\n\t\t<\/div>\n\t\t\t\t\t\t<\/div>\n\t\t\t\t<\/div>\n\t\t\t\t\t<\/div>\n\t\t\t\t<\/div>\n\t\t\t\t<\/div>\n\t\t","protected":false},"excerpt":{"rendered":"<p>Adresa: Chittussiho 10, 710 00 Slezsk\u00e1 Ostrava, \u010cesk\u00e1 republika\u00a0Email: odolabosu@gmail.com<\/p>\n","protected":false},"author":1,"featured_media":0,"parent":0,"menu_order":0,"comment_status":"closed","ping_status":"closed","template":"","meta":{"footnotes":""},"class_list":["post-14","page","type-page","status-publish","hentry"],"yoast_head":"<!-- This site is optimized with the Yoast SEO plugin v25.5 - https:\/\/yoast.com\/wordpress\/plugins\/seo\/ -->\n<title>Kontakt - ODOLAB<\/title>\n<meta name=\"robots\" content=\"index, follow, max-snippet:-1, max-image-preview:large, max-video-preview:-1\" \/>\n<link rel=\"canonical\" href=\"https:\/\/odolab.osu.cz\/?page_id=14\" \/>\n<meta property=\"og:locale\" content=\"cs_CZ\" \/>\n<meta property=\"og:type\" content=\"article\" \/>\n<meta property=\"og:title\" content=\"Kontakt - ODOLAB\" \/>\n<meta property=\"og:description\" content=\"Adresa: Chittussiho 10, 710 00 Slezsk\u00e1 Ostrava, \u010cesk\u00e1 republika\u00a0Email: odolabosu@gmail.com\" \/>\n<meta property=\"og:url\" content=\"https:\/\/odolab.osu.cz\/?page_id=14\" \/>\n<meta property=\"og:site_name\" content=\"ODOLAB\" \/>\n<meta property=\"article:modified_time\" content=\"2025-02-13T12:36:22+00:00\" \/>\n<meta name=\"twitter:card\" content=\"summary_large_image\" \/>\n<script type=\"application\/ld+json\" class=\"yoast-schema-graph\">{\"@context\":\"https:\/\/schema.org\",\"@graph\":[{\"@type\":\"WebPage\",\"@id\":\"https:\/\/odolab.osu.cz\/?page_id=14\",\"url\":\"https:\/\/odolab.osu.cz\/?page_id=14\",\"name\":\"Kontakt - ODOLAB\",\"isPartOf\":{\"@id\":\"https:\/\/odolab.osu.cz\/#website\"},\"datePublished\":\"2024-11-13T18:25:25+00:00\",\"dateModified\":\"2025-02-13T12:36:22+00:00\",\"breadcrumb\":{\"@id\":\"https:\/\/odolab.osu.cz\/?page_id=14#breadcrumb\"},\"inLanguage\":\"cs\",\"potentialAction\":[{\"@type\":\"ReadAction\",\"target\":[\"https:\/\/odolab.osu.cz\/?page_id=14\"]}]},{\"@type\":\"BreadcrumbList\",\"@id\":\"https:\/\/odolab.osu.cz\/?page_id=14#breadcrumb\",\"itemListElement\":[{\"@type\":\"ListItem\",\"position\":1,\"name\":\"Dom\u016f\",\"item\":\"https:\/\/odolab.osu.cz\/\"},{\"@type\":\"ListItem\",\"position\":2,\"name\":\"Kontakt\"}]},{\"@type\":\"WebSite\",\"@id\":\"https:\/\/odolab.osu.cz\/#website\",\"url\":\"https:\/\/odolab.osu.cz\/\",\"name\":\"ODOLAB\",\"description\":\"\",\"potentialAction\":[{\"@type\":\"SearchAction\",\"target\":{\"@type\":\"EntryPoint\",\"urlTemplate\":\"https:\/\/odolab.osu.cz\/?s={search_term_string}\"},\"query-input\":{\"@type\":\"PropertyValueSpecification\",\"valueRequired\":true,\"valueName\":\"search_term_string\"}}],\"inLanguage\":\"cs\"}]}<\/script>\n<!-- \/ Yoast SEO plugin. -->","yoast_head_json":{"title":"Kontakt - ODOLAB","robots":{"index":"index","follow":"follow","max-snippet":"max-snippet:-1","max-image-preview":"max-image-preview:large","max-video-preview":"max-video-preview:-1"},"canonical":"https:\/\/odolab.osu.cz\/?page_id=14","og_locale":"cs_CZ","og_type":"article","og_title":"Kontakt - ODOLAB","og_description":"Adresa: Chittussiho 10, 710 00 Slezsk\u00e1 Ostrava, \u010cesk\u00e1 republika\u00a0Email: odolabosu@gmail.com","og_url":"https:\/\/odolab.osu.cz\/?page_id=14","og_site_name":"ODOLAB","article_modified_time":"2025-02-13T12:36:22+00:00","twitter_card":"summary_large_image","schema":{"@context":"https:\/\/schema.org","@graph":[{"@type":"WebPage","@id":"https:\/\/odolab.osu.cz\/?page_id=14","url":"https:\/\/odolab.osu.cz\/?page_id=14","name":"Kontakt - ODOLAB","isPartOf":{"@id":"https:\/\/odolab.osu.cz\/#website"},"datePublished":"2024-11-13T18:25:25+00:00","dateModified":"2025-02-13T12:36:22+00:00","breadcrumb":{"@id":"https:\/\/odolab.osu.cz\/?page_id=14#breadcrumb"},"inLanguage":"cs","potentialAction":[{"@type":"ReadAction","target":["https:\/\/odolab.osu.cz\/?page_id=14"]}]},{"@type":"BreadcrumbList","@id":"https:\/\/odolab.osu.cz\/?page_id=14#breadcrumb","itemListElement":[{"@type":"ListItem","position":1,"name":"Dom\u016f","item":"https:\/\/odolab.osu.cz\/"},{"@type":"ListItem","position":2,"name":"Kontakt"}]},{"@type":"WebSite","@id":"https:\/\/odolab.osu.cz\/#website","url":"https:\/\/odolab.osu.cz\/","name":"ODOLAB","description":"","potentialAction":[{"@type":"SearchAction","target":{"@type":"EntryPoint","urlTemplate":"https:\/\/odolab.osu.cz\/?s={search_term_string}"},"query-input":{"@type":"PropertyValueSpecification","valueRequired":true,"valueName":"search_term_string"}}],"inLanguage":"cs"}]}},"_links":{"self":[{"href":"https:\/\/odolab.osu.cz\/index.php?rest_route=\/wp\/v2\/pages\/14","targetHints":{"allow":["GET"]}}],"collection":[{"href":"https:\/\/odolab.osu.cz\/index.php?rest_route=\/wp\/v2\/pages"}],"about":[{"href":"https:\/\/odolab.osu.cz\/index.php?rest_route=\/wp\/v2\/types\/page"}],"author":[{"embeddable":true,"href":"https:\/\/odolab.osu.cz\/index.php?rest_route=\/wp\/v2\/users\/1"}],"replies":[{"embeddable":true,"href":"https:\/\/odolab.osu.cz\/index.php?rest_route=%2Fwp%2Fv2%2Fcomments&post=14"}],"version-history":[{"count":19,"href":"https:\/\/odolab.osu.cz\/index.php?rest_route=\/wp\/v2\/pages\/14\/revisions"}],"predecessor-version":[{"id":270,"href":"https:\/\/odolab.osu.cz\/index.php?rest_route=\/wp\/v2\/pages\/14\/revisions\/270"}],"wp:attachment":[{"href":"https:\/\/odolab.osu.cz\/index.php?rest_route=%2Fwp%2Fv2%2Fmedia&parent=14"}],"curies":[{"name":"wp","href":"https:\/\/api.w.org\/{rel}","templated":true}]}}