{"id":2,"date":"2023-03-16T11:50:30","date_gmt":"2023-03-16T10:50:30","guid":{"rendered":"https:\/\/odolab.osu.cz\/?page_id=2"},"modified":"2025-04-17T10:09:36","modified_gmt":"2025-04-17T08:09:36","slug":"uvodni-strana","status":"publish","type":"page","link":"https:\/\/odolab.osu.cz\/","title":{"rendered":"O n\u00e1s"},"content":{"rendered":"\t\t<div data-elementor-type=\"wp-page\" data-elementor-id=\"2\" class=\"elementor elementor-2\">\n\t\t\t\t<div class=\"elementor-element elementor-element-169aace e-grid e-con-boxed e-con e-parent\" data-id=\"169aace\" data-element_type=\"container\" data-e-type=\"container\">\n\t\t\t\t\t<div class=\"e-con-inner\">\n\t\t\t\t<div class=\"elementor-element elementor-element-4d373eb elementor-widget elementor-widget-video\" data-id=\"4d373eb\" data-element_type=\"widget\" data-e-type=\"widget\" data-settings=\"{&quot;youtube_url&quot;:&quot;https:\\\/\\\/www.youtube.com\\\/watch?v=7XdWOqDUovw&quot;,&quot;autoplay&quot;:&quot;yes&quot;,&quot;cc_load_policy&quot;:&quot;yes&quot;,&quot;video_type&quot;:&quot;youtube&quot;,&quot;controls&quot;:&quot;yes&quot;}\" data-widget_type=\"video.default\">\n\t\t\t\t<div class=\"elementor-widget-container\">\n\t\t\t\t\t\t\t<div class=\"elementor-wrapper elementor-open-inline\">\n\t\t\t<div class=\"elementor-video\"><\/div>\t\t<\/div>\n\t\t\t\t\t\t<\/div>\n\t\t\t\t<\/div>\n\t\t\t\t<div class=\"elementor-element elementor-element-f4852ee elementor-widget elementor-widget-text-editor\" data-id=\"f4852ee\" data-element_type=\"widget\" data-e-type=\"widget\" data-widget_type=\"text-editor.default\">\n\t\t\t\t<div class=\"elementor-widget-container\">\n\t\t\t\t\t\t\t\t\t<p><span class=\"TextRun SCXW220906458 BCX8\" lang=\"CS-CZ\" xml:lang=\"CS-CZ\" data-contrast=\"none\">N\u00e1\u0161 t\u00fdm se zam\u011b\u0159uje na v\u00e1\u017eky. Na jejich genetiku, biodiverzitu, ochranu i ekologii. V\u00e1\u017eky vyu\u017e\u00edv\u00e1me jako ide\u00e1ln\u00ed a univerz\u00e1ln\u00ed skupinu bioindik\u00e1tor\u016f. Konkr\u00e9tn\u011b sledujeme dopady lidsk\u00fdch aktivit na vodn\u00ed prost\u0159ed\u00ed, kde \u017eij\u00ed larvy i na suchozemsk\u00e9 prost\u0159ed\u00ed, kde se pohybuj\u00ed dosp\u011blci. Na\u0161e v\u00fdzkumy prob\u00edhaj\u00ed jak v laborato\u0159i, tak v ter\u00e9nu. Z pohledu geografick\u00e9ho jsme zam\u011b\u0159eni na evropskou faunu, ale prostor, kde se pohybujeme, je podstatn\u011b \u0161ir\u0161\u00ed. Bez p\u0159eh\u00e1n\u011bn\u00ed mezi Japonskem a Francouzskou Guyanou.<\/span><span class=\"EOP SCXW220906458 BCX8\" data-ccp-props=\"{&quot;335559685&quot;:708}\">\u00a0<\/span><\/p>\t\t\t\t\t\t\t\t<\/div>\n\t\t\t\t<\/div>\n\t\t\t\t\t<\/div>\n\t\t\t\t<\/div>\n\t\t\t\t<\/div>\n\t\t","protected":false},"excerpt":{"rendered":"<p>https:\/\/www.youtube.com\/watch?v=7XdWOqDUovw N\u00e1\u0161 t\u00fdm se zam\u011b\u0159uje na v\u00e1\u017eky. Na jejich genetiku, biodiverzitu, ochranu i ekologii. V\u00e1\u017eky vyu\u017e\u00edv\u00e1me jako ide\u00e1ln\u00ed a univerz\u00e1ln\u00ed skupinu bioindik\u00e1tor\u016f. Konkr\u00e9tn\u011b sledujeme dopady lidsk\u00fdch aktivit na vodn\u00ed prost\u0159ed\u00ed, kde \u017eij\u00ed larvy i na suchozemsk\u00e9 prost\u0159ed\u00ed, kde se pohybuj\u00ed dosp\u011blci. Na\u0161e v\u00fdzkumy prob\u00edhaj\u00ed jak v laborato\u0159i, tak v ter\u00e9nu. Z pohledu geografick\u00e9ho jsme zam\u011b\u0159eni [&hellip;]<\/p>\n","protected":false},"author":1,"featured_media":0,"parent":0,"menu_order":0,"comment_status":"closed","ping_status":"closed","template":"","meta":{"footnotes":""},"class_list":["post-2","page","type-page","status-publish","hentry"],"yoast_head":"<!-- This site is optimized with the Yoast SEO plugin v25.5 - https:\/\/yoast.com\/wordpress\/plugins\/seo\/ -->\n<title>O n\u00e1s - ODOLAB<\/title>\n<meta name=\"robots\" content=\"index, follow, max-snippet:-1, max-image-preview:large, max-video-preview:-1\" \/>\n<link rel=\"canonical\" href=\"https:\/\/odolab.osu.cz\/\" \/>\n<meta property=\"og:locale\" content=\"cs_CZ\" \/>\n<meta property=\"og:type\" content=\"article\" \/>\n<meta property=\"og:title\" content=\"O n\u00e1s - ODOLAB\" \/>\n<meta property=\"og:description\" content=\"https:\/\/www.youtube.com\/watch?v=7XdWOqDUovw N\u00e1\u0161 t\u00fdm se zam\u011b\u0159uje na v\u00e1\u017eky. Na jejich genetiku, biodiverzitu, ochranu i ekologii. V\u00e1\u017eky vyu\u017e\u00edv\u00e1me jako ide\u00e1ln\u00ed a univerz\u00e1ln\u00ed skupinu bioindik\u00e1tor\u016f. Konkr\u00e9tn\u011b sledujeme dopady lidsk\u00fdch aktivit na vodn\u00ed prost\u0159ed\u00ed, kde \u017eij\u00ed larvy i na suchozemsk\u00e9 prost\u0159ed\u00ed, kde se pohybuj\u00ed dosp\u011blci. Na\u0161e v\u00fdzkumy prob\u00edhaj\u00ed jak v laborato\u0159i, tak v ter\u00e9nu. Z pohledu geografick\u00e9ho jsme zam\u011b\u0159eni [&hellip;]\" \/>\n<meta property=\"og:url\" content=\"https:\/\/odolab.osu.cz\/\" \/>\n<meta property=\"og:site_name\" content=\"ODOLAB\" \/>\n<meta property=\"article:modified_time\" content=\"2025-04-17T08:09:36+00:00\" \/>\n<meta name=\"twitter:card\" content=\"summary_large_image\" \/>\n<meta name=\"twitter:label1\" content=\"Odhadovan\u00e1 doba \u010dten\u00ed\" \/>\n\t<meta name=\"twitter:data1\" content=\"1 minuta\" \/>\n<script type=\"application\/ld+json\" class=\"yoast-schema-graph\">{\"@context\":\"https:\/\/schema.org\",\"@graph\":[{\"@type\":\"WebPage\",\"@id\":\"https:\/\/odolab.osu.cz\/\",\"url\":\"https:\/\/odolab.osu.cz\/\",\"name\":\"O n\u00e1s - ODOLAB\",\"isPartOf\":{\"@id\":\"https:\/\/odolab.osu.cz\/#website\"},\"datePublished\":\"2023-03-16T10:50:30+00:00\",\"dateModified\":\"2025-04-17T08:09:36+00:00\",\"breadcrumb\":{\"@id\":\"https:\/\/odolab.osu.cz\/#breadcrumb\"},\"inLanguage\":\"cs\",\"potentialAction\":[{\"@type\":\"ReadAction\",\"target\":[\"https:\/\/odolab.osu.cz\/\"]}]},{\"@type\":\"BreadcrumbList\",\"@id\":\"https:\/\/odolab.osu.cz\/#breadcrumb\",\"itemListElement\":[{\"@type\":\"ListItem\",\"position\":1,\"name\":\"Dom\u016f\",\"item\":\"https:\/\/odolab.osu.cz\/\"},{\"@type\":\"ListItem\",\"position\":2,\"name\":\"O n\u00e1s\"}]},{\"@type\":\"WebSite\",\"@id\":\"https:\/\/odolab.osu.cz\/#website\",\"url\":\"https:\/\/odolab.osu.cz\/\",\"name\":\"ODOLAB\",\"description\":\"\",\"potentialAction\":[{\"@type\":\"SearchAction\",\"target\":{\"@type\":\"EntryPoint\",\"urlTemplate\":\"https:\/\/odolab.osu.cz\/?s={search_term_string}\"},\"query-input\":{\"@type\":\"PropertyValueSpecification\",\"valueRequired\":true,\"valueName\":\"search_term_string\"}}],\"inLanguage\":\"cs\"}]}<\/script>\n<!-- \/ Yoast SEO plugin. -->","yoast_head_json":{"title":"O n\u00e1s - ODOLAB","robots":{"index":"index","follow":"follow","max-snippet":"max-snippet:-1","max-image-preview":"max-image-preview:large","max-video-preview":"max-video-preview:-1"},"canonical":"https:\/\/odolab.osu.cz\/","og_locale":"cs_CZ","og_type":"article","og_title":"O n\u00e1s - ODOLAB","og_description":"https:\/\/www.youtube.com\/watch?v=7XdWOqDUovw N\u00e1\u0161 t\u00fdm se zam\u011b\u0159uje na v\u00e1\u017eky. Na jejich genetiku, biodiverzitu, ochranu i ekologii. V\u00e1\u017eky vyu\u017e\u00edv\u00e1me jako ide\u00e1ln\u00ed a univerz\u00e1ln\u00ed skupinu bioindik\u00e1tor\u016f. Konkr\u00e9tn\u011b sledujeme dopady lidsk\u00fdch aktivit na vodn\u00ed prost\u0159ed\u00ed, kde \u017eij\u00ed larvy i na suchozemsk\u00e9 prost\u0159ed\u00ed, kde se pohybuj\u00ed dosp\u011blci. Na\u0161e v\u00fdzkumy prob\u00edhaj\u00ed jak v laborato\u0159i, tak v ter\u00e9nu. Z pohledu geografick\u00e9ho jsme zam\u011b\u0159eni [&hellip;]","og_url":"https:\/\/odolab.osu.cz\/","og_site_name":"ODOLAB","article_modified_time":"2025-04-17T08:09:36+00:00","twitter_card":"summary_large_image","twitter_misc":{"Odhadovan\u00e1 doba \u010dten\u00ed":"1 minuta"},"schema":{"@context":"https:\/\/schema.org","@graph":[{"@type":"WebPage","@id":"https:\/\/odolab.osu.cz\/","url":"https:\/\/odolab.osu.cz\/","name":"O n\u00e1s - ODOLAB","isPartOf":{"@id":"https:\/\/odolab.osu.cz\/#website"},"datePublished":"2023-03-16T10:50:30+00:00","dateModified":"2025-04-17T08:09:36+00:00","breadcrumb":{"@id":"https:\/\/odolab.osu.cz\/#breadcrumb"},"inLanguage":"cs","potentialAction":[{"@type":"ReadAction","target":["https:\/\/odolab.osu.cz\/"]}]},{"@type":"BreadcrumbList","@id":"https:\/\/odolab.osu.cz\/#breadcrumb","itemListElement":[{"@type":"ListItem","position":1,"name":"Dom\u016f","item":"https:\/\/odolab.osu.cz\/"},{"@type":"ListItem","position":2,"name":"O n\u00e1s"}]},{"@type":"WebSite","@id":"https:\/\/odolab.osu.cz\/#website","url":"https:\/\/odolab.osu.cz\/","name":"ODOLAB","description":"","potentialAction":[{"@type":"SearchAction","target":{"@type":"EntryPoint","urlTemplate":"https:\/\/odolab.osu.cz\/?s={search_term_string}"},"query-input":{"@type":"PropertyValueSpecification","valueRequired":true,"valueName":"search_term_string"}}],"inLanguage":"cs"}]}},"_links":{"self":[{"href":"https:\/\/odolab.osu.cz\/index.php?rest_route=\/wp\/v2\/pages\/2","targetHints":{"allow":["GET"]}}],"collection":[{"href":"https:\/\/odolab.osu.cz\/index.php?rest_route=\/wp\/v2\/pages"}],"about":[{"href":"https:\/\/odolab.osu.cz\/index.php?rest_route=\/wp\/v2\/types\/page"}],"author":[{"embeddable":true,"href":"https:\/\/odolab.osu.cz\/index.php?rest_route=\/wp\/v2\/users\/1"}],"replies":[{"embeddable":true,"href":"https:\/\/odolab.osu.cz\/index.php?rest_route=%2Fwp%2Fv2%2Fcomments&post=2"}],"version-history":[{"count":42,"href":"https:\/\/odolab.osu.cz\/index.php?rest_route=\/wp\/v2\/pages\/2\/revisions"}],"predecessor-version":[{"id":573,"href":"https:\/\/odolab.osu.cz\/index.php?rest_route=\/wp\/v2\/pages\/2\/revisions\/573"}],"wp:attachment":[{"href":"https:\/\/odolab.osu.cz\/index.php?rest_route=%2Fwp%2Fv2%2Fmedia&parent=2"}],"curies":[{"name":"wp","href":"https:\/\/api.w.org\/{rel}","templated":true}]}}