{"id":318,"date":"2025-02-18T15:02:19","date_gmt":"2025-02-18T14:02:19","guid":{"rendered":"https:\/\/odolab.osu.cz\/?page_id=318"},"modified":"2025-07-10T14:22:31","modified_gmt":"2025-07-10T12:22:31","slug":"veronika-prielozna","status":"publish","type":"page","link":"https:\/\/odolab.osu.cz\/?page_id=318","title":{"rendered":"Mgr. Veronika Prielo\u017en\u00e1"},"content":{"rendered":"\t\t<div data-elementor-type=\"wp-page\" data-elementor-id=\"318\" class=\"elementor elementor-318\">\n\t\t\t\t<div class=\"elementor-element elementor-element-fbeedd9 e-flex e-con-boxed e-con e-parent\" data-id=\"fbeedd9\" data-element_type=\"container\" data-e-type=\"container\">\n\t\t\t\t\t<div class=\"e-con-inner\">\n\t\t<div class=\"elementor-element elementor-element-c6a271a e-con-full e-flex e-con e-child\" data-id=\"c6a271a\" data-element_type=\"container\" data-e-type=\"container\">\n\t\t\t\t<div class=\"elementor-element elementor-element-798252a elementor-widget elementor-widget-image\" data-id=\"798252a\" data-element_type=\"widget\" data-e-type=\"widget\" data-widget_type=\"image.default\">\n\t\t\t\t<div class=\"elementor-widget-container\">\n\t\t\t\t\t\t\t\t\t\t\t\t\t\t\t<img fetchpriority=\"high\" decoding=\"async\" width=\"768\" height=\"960\" src=\"https:\/\/odolab.osu.cz\/wp-content\/uploads\/2025\/02\/DSC_0102-upraveno-768x960.jpg\" class=\"attachment-medium_large size-medium_large wp-image-189\" alt=\"\" srcset=\"https:\/\/odolab.osu.cz\/wp-content\/uploads\/2025\/02\/DSC_0102-upraveno-768x960.jpg 768w, https:\/\/odolab.osu.cz\/wp-content\/uploads\/2025\/02\/DSC_0102-upraveno-240x300.jpg 240w, https:\/\/odolab.osu.cz\/wp-content\/uploads\/2025\/02\/DSC_0102-upraveno-819x1024.jpg 819w, https:\/\/odolab.osu.cz\/wp-content\/uploads\/2025\/02\/DSC_0102-upraveno-1229x1536.jpg 1229w, https:\/\/odolab.osu.cz\/wp-content\/uploads\/2025\/02\/DSC_0102-upraveno-1639x2048.jpg 1639w, https:\/\/odolab.osu.cz\/wp-content\/uploads\/2025\/02\/DSC_0102-upraveno-scaled.jpg 2048w\" sizes=\"(max-width: 768px) 100vw, 768px\" \/>\t\t\t\t\t\t\t\t\t\t\t\t\t\t\t<\/div>\n\t\t\t\t<\/div>\n\t\t<div class=\"elementor-element elementor-element-7e0f7c1 e-con-full e-flex e-con e-child\" data-id=\"7e0f7c1\" data-element_type=\"container\" data-e-type=\"container\">\n\t\t\t\t<div class=\"elementor-element elementor-element-2dead93 elementor-widget elementor-widget-text-editor\" data-id=\"2dead93\" data-element_type=\"widget\" data-e-type=\"widget\" data-widget_type=\"text-editor.default\">\n\t\t\t\t<div class=\"elementor-widget-container\">\n\t\t\t\t\t\t\t\t\t<p><span style=\"color: #8a8d57;\"><span style=\"color: #000000;\"><strong>Zam\u011b\u0159en\u00ed:<\/strong> b<span class=\"TextRun SCXW157019860 BCX8\" lang=\"CS-CZ\" xml:lang=\"CS-CZ\" data-contrast=\"auto\"><span class=\"NormalTextRun SCXW157019860 BCX8\">iostatistika, biodiverzita\u00a0<\/span><\/span><\/span><\/span><\/p><p><span style=\"color: #8a8d57;\"><a style=\"color: #8a8d57;\" href=\"https:\/\/www.webofscience.com\/wos\/author\/record\/64763811\">Web of Science<\/a><br \/><\/span><span style=\"color: #8a8d57;\"><a style=\"color: #8a8d57;\" href=\"https:\/\/orcid.org\/0009-0008-7612-7020\">ORCID<\/a><br \/><\/span><span style=\"color: #8a8d57;\"><a style=\"color: #8a8d57;\" href=\"https:\/\/www.researchgate.net\/profile\/Veronika-Prielozna\">ResearchGate<\/a><br \/><\/span><span style=\"color: #8a8d57;\"><a style=\"color: #8a8d57;\" href=\"https:\/\/scholar.google.com\/citations?user=nGUgnQoAAAAJ&amp;hl=cs&amp;oi=ao\">Google Scholar<\/a><br \/><\/span><span style=\"color: #8a8d57;\"><a style=\"color: #8a8d57;\" href=\"https:\/\/www.linkedin.com\/in\/veronika-prielo%C5%BEn%C3%A1-9004291b9\/\">LinkedIn<\/a><\/span><\/p><p><span data-contrast=\"auto\"><span style=\"color: #8a8d57;\"><a class=\"Hyperlink SCXW101904463 BCX8\" style=\"color: #8a8d57;\" href=\"mailto:veronika.prielozna@osu.cz\" target=\"_blank\" rel=\"noreferrer noopener\"><span class=\"TextRun Underlined SCXW101904463 BCX8\" lang=\"CS-CZ\" xml:lang=\"CS-CZ\" data-contrast=\"none\"><span class=\"NormalTextRun SCXW101904463 BCX8\" data-ccp-charstyle=\"Hyperlink\">veronika.prielozna@osu.cz<\/span><\/span><\/a><span class=\"TextRun SCXW101904463 BCX8\" lang=\"CS-CZ\" xml:lang=\"CS-CZ\" data-contrast=\"auto\"><span class=\"NormalTextRun SCXW101904463 BCX8\">\u00a0<\/span><\/span><\/span><\/span><\/p>\t\t\t\t\t\t\t\t<\/div>\n\t\t\t\t<\/div>\n\t\t\t\t<\/div>\n\t\t\t\t<\/div>\n\t\t<div class=\"elementor-element elementor-element-3276701 e-con-full e-flex e-con e-child\" data-id=\"3276701\" data-element_type=\"container\" data-e-type=\"container\">\n\t\t<div class=\"elementor-element elementor-element-47bd656 e-con-full e-flex e-con e-child\" data-id=\"47bd656\" data-element_type=\"container\" data-e-type=\"container\">\n\t\t\t\t<div class=\"elementor-element elementor-element-93eaf1b elementor-widget elementor-widget-text-editor\" data-id=\"93eaf1b\" data-element_type=\"widget\" data-e-type=\"widget\" data-widget_type=\"text-editor.default\">\n\t\t\t\t<div class=\"elementor-widget-container\">\n\t\t\t\t\t\t\t\t\t<p><span style=\"color: #8a8d69;\"><strong>Pozice: <\/strong><span style=\"color: #000000;\">doktorandka, v\u011bdeck\u00e1 pracovnice junior<\/span><\/span><\/p>\n<p><span style=\"color: #8a8d69;\"><strong>Vzd\u011bl\u00e1n\u00ed<\/strong><\/span><\/p>\n<ul>\n<li><span style=\"color: #000000;\">Ph.D. v oboru Biologie (prob\u00edhaj\u00edc\u00ed), P\u0159\u00edrodov\u011bdeck\u00e1 fakulta, Ostravsk\u00e1 univerzita<\/span><\/li>\n<li><span style=\"color: #000000;\">Mgr. v oboru Biologie se zam\u011b\u0159en\u00edm na ekologii a biodiverzitu, P\u0159\u00edrodov\u011bdeck\u00e1 fakulta, <\/span><span style=\"color: #000000;\">Ostravsk\u00e1 univerzita<\/span><\/li>\n<\/ul>\n<p><span style=\"color: #8a8d69;\"><strong>Pracovn\u00ed zku\u0161enosti<\/strong><\/span><\/p>\n<ul>\n<li><span style=\"color: #333300;\">V\u011bdeck\u00e1 pracovnice junior, Ostravsk\u00e1 univerzita, Katedra biologie a ekologie (2024\u2013sou\u010dasnost)<\/span><\/li>\n<\/ul>\n<p><span style=\"color: #8a8d69;\"><strong>Projekty a v\u00fdzkum<\/strong><\/span><\/p>\n<ul>\n<li><span style=\"color: #333300;\">TA\u010cR SS07010206: Role a management opom\u00edjen\u00fdch typ\u016f s\u00eddeln\u00ed zelen\u011b pro udr\u017eiteln\u00fd rozvoj <\/span><span style=\"color: #333300;\">s\u00eddel v dob\u011b klimatick\u00e9 zm\u011bny.<\/span><\/li>\n<li><span style=\"color: #333300;\">N\u00e1rodn\u00ed program Ochrana biodiverzity, \u010d. 132416: Biomonitoring denn\u00edch mot\u00fdl\u016f lokalit <\/span><span style=\"color: #333300;\">z\u00e1padn\u00edho T\u011b\u0161\u00ednska ve spr\u00e1v\u011b \u010cSOP Cieszynianka.<\/span><\/li>\n<li><span style=\"color: #333300;\">Buddies, First Aid, and Going Hybrid: \u0159e\u0161en\u00ed studijn\u00ed ne\u00fasp\u011b\u0161nosti student\u016f P\u0159F OU, Fakulta <\/span><span style=\"color: #333300;\">p\u0159\u00edrodov\u011bdeck\u00e1 OU.<\/span><\/li>\n<li><span style=\"color: #333300;\">GA\u010cR 23-07026S: Odhalen\u00ed vztah\u016f mezi ambr\u00f3ziov\u00fdmi bejlomorkami a jejich symbionty:&nbsp;<\/span><span style=\"color: #333300;\">p\u0159ehl\u00ed\u017een\u00fd model evoluce houbov\u00e9ho farma\u0159en\u00ed.<\/span><\/li>\n<li><span style=\"color: #333300;\">GA\u010cR22-29971S: Je formov\u00e1n\u00ed mikrobiomu st\u0159eva hmyz\u00edch herbivor\u016f proces stochastick\u00fdch <\/span><span style=\"color: #333300;\">vliv\u016f nebo deterministick\u00fdch interakc\u00ed?<\/span><\/li>\n<\/ul>\n<p><span style=\"color: #8a8d69;\"><strong>Populariza\u010dn\u00ed, univerzitn\u00ed a zastupitelsk\u00e9&nbsp; aktivity<\/strong><\/span><\/p>\n<ul>\n<li><span style=\"color: #333300;\">P\u0159edsedkyn\u011b Studentsk\u00e9 organizace v\u011bdeck\u00fdch aktivit SOVA<\/span><\/li>\n<li><span style=\"color: #333300;\">Oborov\u00fd helper v programu Dou\u010dko, podpora student\u016f a sni\u017eov\u00e1n\u00ed studijn\u00ed ne\u00fasp\u011b\u0161nosti<\/span><\/li>\n<li><span style=\"color: #333300;\">Sen\u00e1torka Studentsk\u00e9 komory akademick\u00e9ho sen\u00e1tu P\u0159F OU<\/span><\/li>\n<li><span style=\"color: #333300;\">\u010clenka celouniverzitn\u00ed platformy Studentsk\u00fd hlas <\/span><\/li>\n<\/ul>\n<p><span style=\"color: #8a8d69;\"><strong>\u010clenstv\u00ed v odborn\u00fdch nebo z\u00e1jmov\u00fdch organizac\u00edch<\/strong><\/span><\/p>\n<ul>\n<li><span style=\"color: #333300;\">\u010cesk\u00e1 odonatologick\u00e1 spole\u010dnost<\/span><\/li>\n<li><span style=\"color: #333300;\">\u010cesk\u00fd svaz ochr\u00e1nc\u016f p\u0159\u00edrody<\/span><\/li>\n<\/ul>\n<p><span style=\"color: #8a8d69;\"><strong>Ocen\u011bn\u00ed<\/strong><\/span><\/p>\n<ul>\n<li>\n<p><span style=\"color: #000000;\">Talenta roku Ostravy (2024\/2025) \u2013 za dosavadn\u00ed pr\u00e1ci ve v\u011bd\u011b a akademick\u00e9 komunit\u011b<\/span><\/p>\n<\/li>\n<\/ul>\t\t\t\t\t\t\t\t<\/div>\n\t\t\t\t<\/div>\n\t\t\t\t<\/div>\n\t\t\t\t<\/div>\n\t\t\t\t\t<\/div>\n\t\t\t\t<\/div>\n\t\t\t\t<\/div>\n\t\t","protected":false},"excerpt":{"rendered":"<p>Zam\u011b\u0159en\u00ed: biostatistika, biodiverzita\u00a0 Web of ScienceORCIDResearchGateGoogle ScholarLinkedIn veronika.prielozna@osu.cz\u00a0 Pozice: doktorandka, v\u011bdeck\u00e1 pracovnice junior Vzd\u011bl\u00e1n\u00ed Ph.D. v oboru Biologie (prob\u00edhaj\u00edc\u00ed), P\u0159\u00edrodov\u011bdeck\u00e1 fakulta, Ostravsk\u00e1 univerzita Mgr. v oboru Biologie se zam\u011b\u0159en\u00edm na ekologii a biodiverzitu, P\u0159\u00edrodov\u011bdeck\u00e1 fakulta, Ostravsk\u00e1 univerzita Pracovn\u00ed zku\u0161enosti V\u011bdeck\u00e1 pracovnice junior, Ostravsk\u00e1 univerzita, Katedra biologie a ekologie (2024\u2013sou\u010dasnost) Projekty a v\u00fdzkum TA\u010cR SS07010206: Role [&hellip;]<\/p>\n","protected":false},"author":1,"featured_media":0,"parent":0,"menu_order":0,"comment_status":"closed","ping_status":"closed","template":"","meta":{"footnotes":""},"class_list":["post-318","page","type-page","status-publish","hentry"],"yoast_head":"<!-- This site is optimized with the Yoast SEO plugin v25.5 - https:\/\/yoast.com\/wordpress\/plugins\/seo\/ -->\n<title>Mgr. Veronika Prielo\u017en\u00e1 - ODOLAB<\/title>\n<meta name=\"description\" content=\"Doktorandka, v\u011bdeck\u00e1 pracovnice junior Zam\u011b\u0159en\u00ed: biostatistika, biodiverzita\" \/>\n<meta name=\"robots\" content=\"index, follow, max-snippet:-1, max-image-preview:large, max-video-preview:-1\" \/>\n<link rel=\"canonical\" href=\"https:\/\/odolab.osu.cz\/?page_id=318\" \/>\n<meta property=\"og:locale\" content=\"cs_CZ\" \/>\n<meta property=\"og:type\" content=\"article\" \/>\n<meta property=\"og:title\" content=\"Mgr. Veronika Prielo\u017en\u00e1 - ODOLAB\" \/>\n<meta property=\"og:description\" content=\"Doktorandka, v\u011bdeck\u00e1 pracovnice junior Zam\u011b\u0159en\u00ed: biostatistika, biodiverzita\" \/>\n<meta property=\"og:url\" content=\"https:\/\/odolab.osu.cz\/?page_id=318\" \/>\n<meta property=\"og:site_name\" content=\"ODOLAB\" \/>\n<meta property=\"article:modified_time\" content=\"2025-07-10T12:22:31+00:00\" \/>\n<meta property=\"og:image\" content=\"https:\/\/odolab.osu.cz\/wp-content\/uploads\/2025\/02\/DSC_0102-upraveno-scaled.jpg\" \/>\n\t<meta property=\"og:image:width\" content=\"2048\" \/>\n\t<meta property=\"og:image:height\" content=\"2560\" \/>\n\t<meta property=\"og:image:type\" content=\"image\/jpeg\" \/>\n<meta name=\"twitter:card\" content=\"summary_large_image\" \/>\n<meta name=\"twitter:label1\" content=\"Odhadovan\u00e1 doba \u010dten\u00ed\" \/>\n\t<meta name=\"twitter:data1\" content=\"2 minuty\" \/>\n<script type=\"application\/ld+json\" class=\"yoast-schema-graph\">{\"@context\":\"https:\/\/schema.org\",\"@graph\":[{\"@type\":\"WebPage\",\"@id\":\"https:\/\/odolab.osu.cz\/?page_id=318\",\"url\":\"https:\/\/odolab.osu.cz\/?page_id=318\",\"name\":\"Mgr. Veronika Prielo\u017en\u00e1 - ODOLAB\",\"isPartOf\":{\"@id\":\"https:\/\/odolab.osu.cz\/#website\"},\"primaryImageOfPage\":{\"@id\":\"https:\/\/odolab.osu.cz\/?page_id=318#primaryimage\"},\"image\":{\"@id\":\"https:\/\/odolab.osu.cz\/?page_id=318#primaryimage\"},\"thumbnailUrl\":\"https:\/\/odolab.osu.cz\/wp-content\/uploads\/2025\/02\/DSC_0102-upraveno-768x960.jpg\",\"datePublished\":\"2025-02-18T14:02:19+00:00\",\"dateModified\":\"2025-07-10T12:22:31+00:00\",\"description\":\"Doktorandka, v\u011bdeck\u00e1 pracovnice junior Zam\u011b\u0159en\u00ed: biostatistika, biodiverzita\",\"breadcrumb\":{\"@id\":\"https:\/\/odolab.osu.cz\/?page_id=318#breadcrumb\"},\"inLanguage\":\"cs\",\"potentialAction\":[{\"@type\":\"ReadAction\",\"target\":[\"https:\/\/odolab.osu.cz\/?page_id=318\"]}]},{\"@type\":\"ImageObject\",\"inLanguage\":\"cs\",\"@id\":\"https:\/\/odolab.osu.cz\/?page_id=318#primaryimage\",\"url\":\"https:\/\/odolab.osu.cz\/wp-content\/uploads\/2025\/02\/DSC_0102-upraveno-scaled.jpg\",\"contentUrl\":\"https:\/\/odolab.osu.cz\/wp-content\/uploads\/2025\/02\/DSC_0102-upraveno-scaled.jpg\",\"width\":2048,\"height\":2560},{\"@type\":\"BreadcrumbList\",\"@id\":\"https:\/\/odolab.osu.cz\/?page_id=318#breadcrumb\",\"itemListElement\":[{\"@type\":\"ListItem\",\"position\":1,\"name\":\"Dom\u016f\",\"item\":\"https:\/\/odolab.osu.cz\/\"},{\"@type\":\"ListItem\",\"position\":2,\"name\":\"Mgr. Veronika Prielo\u017en\u00e1\"}]},{\"@type\":\"WebSite\",\"@id\":\"https:\/\/odolab.osu.cz\/#website\",\"url\":\"https:\/\/odolab.osu.cz\/\",\"name\":\"ODOLAB\",\"description\":\"\",\"potentialAction\":[{\"@type\":\"SearchAction\",\"target\":{\"@type\":\"EntryPoint\",\"urlTemplate\":\"https:\/\/odolab.osu.cz\/?s={search_term_string}\"},\"query-input\":{\"@type\":\"PropertyValueSpecification\",\"valueRequired\":true,\"valueName\":\"search_term_string\"}}],\"inLanguage\":\"cs\"}]}<\/script>\n<!-- \/ Yoast SEO plugin. -->","yoast_head_json":{"title":"Mgr. Veronika Prielo\u017en\u00e1 - ODOLAB","description":"Doktorandka, v\u011bdeck\u00e1 pracovnice junior Zam\u011b\u0159en\u00ed: biostatistika, biodiverzita","robots":{"index":"index","follow":"follow","max-snippet":"max-snippet:-1","max-image-preview":"max-image-preview:large","max-video-preview":"max-video-preview:-1"},"canonical":"https:\/\/odolab.osu.cz\/?page_id=318","og_locale":"cs_CZ","og_type":"article","og_title":"Mgr. Veronika Prielo\u017en\u00e1 - ODOLAB","og_description":"Doktorandka, v\u011bdeck\u00e1 pracovnice junior Zam\u011b\u0159en\u00ed: biostatistika, biodiverzita","og_url":"https:\/\/odolab.osu.cz\/?page_id=318","og_site_name":"ODOLAB","article_modified_time":"2025-07-10T12:22:31+00:00","og_image":[{"width":2048,"height":2560,"url":"https:\/\/odolab.osu.cz\/wp-content\/uploads\/2025\/02\/DSC_0102-upraveno-scaled.jpg","type":"image\/jpeg"}],"twitter_card":"summary_large_image","twitter_misc":{"Odhadovan\u00e1 doba \u010dten\u00ed":"2 minuty"},"schema":{"@context":"https:\/\/schema.org","@graph":[{"@type":"WebPage","@id":"https:\/\/odolab.osu.cz\/?page_id=318","url":"https:\/\/odolab.osu.cz\/?page_id=318","name":"Mgr. Veronika Prielo\u017en\u00e1 - ODOLAB","isPartOf":{"@id":"https:\/\/odolab.osu.cz\/#website"},"primaryImageOfPage":{"@id":"https:\/\/odolab.osu.cz\/?page_id=318#primaryimage"},"image":{"@id":"https:\/\/odolab.osu.cz\/?page_id=318#primaryimage"},"thumbnailUrl":"https:\/\/odolab.osu.cz\/wp-content\/uploads\/2025\/02\/DSC_0102-upraveno-768x960.jpg","datePublished":"2025-02-18T14:02:19+00:00","dateModified":"2025-07-10T12:22:31+00:00","description":"Doktorandka, v\u011bdeck\u00e1 pracovnice junior Zam\u011b\u0159en\u00ed: biostatistika, biodiverzita","breadcrumb":{"@id":"https:\/\/odolab.osu.cz\/?page_id=318#breadcrumb"},"inLanguage":"cs","potentialAction":[{"@type":"ReadAction","target":["https:\/\/odolab.osu.cz\/?page_id=318"]}]},{"@type":"ImageObject","inLanguage":"cs","@id":"https:\/\/odolab.osu.cz\/?page_id=318#primaryimage","url":"https:\/\/odolab.osu.cz\/wp-content\/uploads\/2025\/02\/DSC_0102-upraveno-scaled.jpg","contentUrl":"https:\/\/odolab.osu.cz\/wp-content\/uploads\/2025\/02\/DSC_0102-upraveno-scaled.jpg","width":2048,"height":2560},{"@type":"BreadcrumbList","@id":"https:\/\/odolab.osu.cz\/?page_id=318#breadcrumb","itemListElement":[{"@type":"ListItem","position":1,"name":"Dom\u016f","item":"https:\/\/odolab.osu.cz\/"},{"@type":"ListItem","position":2,"name":"Mgr. Veronika Prielo\u017en\u00e1"}]},{"@type":"WebSite","@id":"https:\/\/odolab.osu.cz\/#website","url":"https:\/\/odolab.osu.cz\/","name":"ODOLAB","description":"","potentialAction":[{"@type":"SearchAction","target":{"@type":"EntryPoint","urlTemplate":"https:\/\/odolab.osu.cz\/?s={search_term_string}"},"query-input":{"@type":"PropertyValueSpecification","valueRequired":true,"valueName":"search_term_string"}}],"inLanguage":"cs"}]}},"_links":{"self":[{"href":"https:\/\/odolab.osu.cz\/index.php?rest_route=\/wp\/v2\/pages\/318","targetHints":{"allow":["GET"]}}],"collection":[{"href":"https:\/\/odolab.osu.cz\/index.php?rest_route=\/wp\/v2\/pages"}],"about":[{"href":"https:\/\/odolab.osu.cz\/index.php?rest_route=\/wp\/v2\/types\/page"}],"author":[{"embeddable":true,"href":"https:\/\/odolab.osu.cz\/index.php?rest_route=\/wp\/v2\/users\/1"}],"replies":[{"embeddable":true,"href":"https:\/\/odolab.osu.cz\/index.php?rest_route=%2Fwp%2Fv2%2Fcomments&post=318"}],"version-history":[{"count":37,"href":"https:\/\/odolab.osu.cz\/index.php?rest_route=\/wp\/v2\/pages\/318\/revisions"}],"predecessor-version":[{"id":704,"href":"https:\/\/odolab.osu.cz\/index.php?rest_route=\/wp\/v2\/pages\/318\/revisions\/704"}],"wp:attachment":[{"href":"https:\/\/odolab.osu.cz\/index.php?rest_route=%2Fwp%2Fv2%2Fmedia&parent=318"}],"curies":[{"name":"wp","href":"https:\/\/api.w.org\/{rel}","templated":true}]}}