{"id":383,"date":"2025-02-18T15:30:25","date_gmt":"2025-02-18T14:30:25","guid":{"rendered":"https:\/\/odolab.osu.cz\/?page_id=383"},"modified":"2025-07-16T13:08:50","modified_gmt":"2025-07-16T11:08:50","slug":"aktuality","status":"publish","type":"page","link":"https:\/\/odolab.osu.cz\/?page_id=383","title":{"rendered":"Aktuality"},"content":{"rendered":"\t\t<div data-elementor-type=\"wp-page\" data-elementor-id=\"383\" class=\"elementor elementor-383\">\n\t\t\t\t<div class=\"elementor-element elementor-element-670cd9b e-flex e-con-boxed e-con e-parent\" data-id=\"670cd9b\" data-element_type=\"container\" data-e-type=\"container\">\n\t\t\t\t\t<div class=\"e-con-inner\">\n\t\t\t\t<div class=\"elementor-element elementor-element-aa8bf88 elementor-widget elementor-widget-heading\" data-id=\"aa8bf88\" data-element_type=\"widget\" data-e-type=\"widget\" data-widget_type=\"heading.default\">\n\t\t\t\t<div class=\"elementor-widget-container\">\n\t\t\t\t\t<h2 class=\"elementor-heading-title elementor-size-default\"><a href=\"https:\/\/www.novinky.cz\/clanek\/veda-skoly-klima-promenuje-svet-vazek-v-evropskych-raselinistich-zjistili-to-vedci-z-olomouce-a-ostravy-40526275?fbclid=IwY2xjawLQdjVleHRuA2FlbQIxMABicmlkETBJRVZwd09FVVZlWUpFUUVUAR5gq1-tUyxjGv0dvjGrzzc-kB-5v_jzqSzYDlr83gGTtlN7v0udmqNJJAJ1yg_aem_qdOsnQnYHX6f77qhri6DHw\">Klima m\u011bn\u00ed sv\u011bt v\u00e1\u017eek na evropsk\u00fdch ra\u0161elini\u0161t\u00edch<\/a><\/h2>\t\t\t\t<\/div>\n\t\t\t\t<\/div>\n\t\t\t\t\t<\/div>\n\t\t\t\t<\/div>\n\t\t<div class=\"elementor-element elementor-element-74717e6 e-flex e-con-boxed e-con e-parent\" data-id=\"74717e6\" data-element_type=\"container\" data-e-type=\"container\">\n\t\t\t\t\t<div class=\"e-con-inner\">\n\t\t<div class=\"elementor-element elementor-element-193cf36 e-con-full e-flex e-con e-child\" data-id=\"193cf36\" data-element_type=\"container\" data-e-type=\"container\">\n\t\t\t\t<div class=\"elementor-element elementor-element-e93c610 elementor-widget elementor-widget-image\" data-id=\"e93c610\" data-element_type=\"widget\" data-e-type=\"widget\" data-widget_type=\"image.default\">\n\t\t\t\t<div class=\"elementor-widget-container\">\n\t\t\t\t\t\t\t\t\t\t\t\t\t\t\t<img fetchpriority=\"high\" decoding=\"async\" width=\"1024\" height=\"768\" src=\"https:\/\/odolab.osu.cz\/wp-content\/uploads\/2025\/07\/493318181_1256102516210861_679008476968097631_n-1024x768.jpg\" class=\"attachment-large size-large wp-image-679\" alt=\"\" srcset=\"https:\/\/odolab.osu.cz\/wp-content\/uploads\/2025\/07\/493318181_1256102516210861_679008476968097631_n-1024x768.jpg 1024w, https:\/\/odolab.osu.cz\/wp-content\/uploads\/2025\/07\/493318181_1256102516210861_679008476968097631_n-300x225.jpg 300w, https:\/\/odolab.osu.cz\/wp-content\/uploads\/2025\/07\/493318181_1256102516210861_679008476968097631_n-768x576.jpg 768w, https:\/\/odolab.osu.cz\/wp-content\/uploads\/2025\/07\/493318181_1256102516210861_679008476968097631_n-1536x1152.jpg 1536w, https:\/\/odolab.osu.cz\/wp-content\/uploads\/2025\/07\/493318181_1256102516210861_679008476968097631_n.jpg 2048w\" sizes=\"(max-width: 1024px) 100vw, 1024px\" \/>\t\t\t\t\t\t\t\t\t\t\t\t\t\t\t<\/div>\n\t\t\t\t<\/div>\n\t\t\t\t<\/div>\n\t\t<div class=\"elementor-element elementor-element-4de0697 e-con-full e-flex e-con e-child\" data-id=\"4de0697\" data-element_type=\"container\" data-e-type=\"container\">\n\t\t\t\t<div class=\"elementor-element elementor-element-3d724d3 elementor-widget elementor-widget-image\" data-id=\"3d724d3\" data-element_type=\"widget\" data-e-type=\"widget\" data-widget_type=\"image.default\">\n\t\t\t\t<div class=\"elementor-widget-container\">\n\t\t\t\t\t\t\t\t\t\t\t\t\t\t\t<img decoding=\"async\" width=\"1024\" height=\"768\" src=\"https:\/\/odolab.osu.cz\/wp-content\/uploads\/2025\/07\/492367291_1256102612877518_8370829368686517250_n-1024x768.jpg\" class=\"attachment-large size-large wp-image-678\" alt=\"\" srcset=\"https:\/\/odolab.osu.cz\/wp-content\/uploads\/2025\/07\/492367291_1256102612877518_8370829368686517250_n-1024x768.jpg 1024w, https:\/\/odolab.osu.cz\/wp-content\/uploads\/2025\/07\/492367291_1256102612877518_8370829368686517250_n-300x225.jpg 300w, https:\/\/odolab.osu.cz\/wp-content\/uploads\/2025\/07\/492367291_1256102612877518_8370829368686517250_n-768x576.jpg 768w, https:\/\/odolab.osu.cz\/wp-content\/uploads\/2025\/07\/492367291_1256102612877518_8370829368686517250_n-1536x1152.jpg 1536w, https:\/\/odolab.osu.cz\/wp-content\/uploads\/2025\/07\/492367291_1256102612877518_8370829368686517250_n.jpg 2048w\" sizes=\"(max-width: 1024px) 100vw, 1024px\" \/>\t\t\t\t\t\t\t\t\t\t\t\t\t\t\t<\/div>\n\t\t\t\t<\/div>\n\t\t\t\t<\/div>\n\t\t<div class=\"elementor-element elementor-element-73a3c20 e-con-full e-flex e-con e-child\" data-id=\"73a3c20\" data-element_type=\"container\" data-e-type=\"container\">\n\t\t\t\t<div class=\"elementor-element elementor-element-f49d897 elementor-widget elementor-widget-image\" data-id=\"f49d897\" data-element_type=\"widget\" data-e-type=\"widget\" data-widget_type=\"image.default\">\n\t\t\t\t<div class=\"elementor-widget-container\">\n\t\t\t\t\t\t\t\t\t\t\t\t\t\t\t<img decoding=\"async\" width=\"1024\" height=\"768\" src=\"https:\/\/odolab.osu.cz\/wp-content\/uploads\/2025\/07\/493741421_1256102706210842_5086699775264152077_n-1024x768.jpg\" class=\"attachment-large size-large wp-image-680\" alt=\"\" srcset=\"https:\/\/odolab.osu.cz\/wp-content\/uploads\/2025\/07\/493741421_1256102706210842_5086699775264152077_n-1024x768.jpg 1024w, https:\/\/odolab.osu.cz\/wp-content\/uploads\/2025\/07\/493741421_1256102706210842_5086699775264152077_n-300x225.jpg 300w, https:\/\/odolab.osu.cz\/wp-content\/uploads\/2025\/07\/493741421_1256102706210842_5086699775264152077_n-768x576.jpg 768w, https:\/\/odolab.osu.cz\/wp-content\/uploads\/2025\/07\/493741421_1256102706210842_5086699775264152077_n-1536x1152.jpg 1536w, https:\/\/odolab.osu.cz\/wp-content\/uploads\/2025\/07\/493741421_1256102706210842_5086699775264152077_n.jpg 2048w\" sizes=\"(max-width: 1024px) 100vw, 1024px\" \/>\t\t\t\t\t\t\t\t\t\t\t\t\t\t\t<\/div>\n\t\t\t\t<\/div>\n\t\t\t\t<\/div>\n\t\t\t\t\t<\/div>\n\t\t\t\t<\/div>\n\t\t<div class=\"elementor-element elementor-element-9a0aaab e-flex e-con-boxed e-con e-parent\" data-id=\"9a0aaab\" data-element_type=\"container\" data-e-type=\"container\">\n\t\t\t\t\t<div class=\"e-con-inner\">\n\t\t\t\t<div class=\"elementor-element elementor-element-d2e3204 elementor-widget elementor-widget-text-editor\" data-id=\"d2e3204\" data-element_type=\"widget\" data-e-type=\"widget\" data-widget_type=\"text-editor.default\">\n\t\t\t\t<div class=\"elementor-widget-container\">\n\t\t\t\t\t\t\t\t\t<p><span style=\"color: #999999;\">01. 07.<\/span><span style=\"color: #999999;\">\u00a02025 <span style=\"text-align: var(--text-align);\">| Veronika Prielo\u017en\u00e1<\/span><\/span><\/p>\t\t\t\t\t\t\t\t<\/div>\n\t\t\t\t<\/div>\n\t\t\t\t\t<\/div>\n\t\t\t\t<\/div>\n\t\t<div class=\"elementor-element elementor-element-a74eec9 e-flex e-con-boxed e-con e-parent\" data-id=\"a74eec9\" data-element_type=\"container\" data-e-type=\"container\">\n\t\t\t\t\t<div class=\"e-con-inner\">\n\t\t\t\t<div class=\"elementor-element elementor-element-cb1c056 elementor-widget elementor-widget-heading\" data-id=\"cb1c056\" data-element_type=\"widget\" data-e-type=\"widget\" data-widget_type=\"heading.default\">\n\t\t\t\t<div class=\"elementor-widget-container\">\n\t\t\t\t\t<h2 class=\"elementor-heading-title elementor-size-default\"><a href=\"https:\/\/alive.osu.cz\/ohlednuti-za-japonskym-uspechem-ostravskych-biolozek\/\">Doktorandky Eva B\u00edlkov\u00e1 a Radana Chytilov\u00e1 z\u00edskaly na  International Congress of Entomology (Japonsko 2025) ocen\u011bn\u00ed Award for woman scientists!<\/a><\/h2>\t\t\t\t<\/div>\n\t\t\t\t<\/div>\n\t\t\t\t\t<\/div>\n\t\t\t\t<\/div>\n\t\t<div class=\"elementor-element elementor-element-f41aa9a e-flex e-con-boxed e-con e-parent\" data-id=\"f41aa9a\" data-element_type=\"container\" data-e-type=\"container\">\n\t\t\t\t\t<div class=\"e-con-inner\">\n\t\t<div class=\"elementor-element elementor-element-b7291a5 e-con-full e-flex e-con e-child\" data-id=\"b7291a5\" data-element_type=\"container\" data-e-type=\"container\">\n\t\t\t\t<div class=\"elementor-element elementor-element-4c4bcc6 elementor-widget elementor-widget-image\" data-id=\"4c4bcc6\" data-element_type=\"widget\" data-e-type=\"widget\" data-widget_type=\"image.default\">\n\t\t\t\t<div class=\"elementor-widget-container\">\n\t\t\t\t\t\t\t\t\t\t\t\t\t\t\t<img loading=\"lazy\" decoding=\"async\" width=\"666\" height=\"666\" src=\"https:\/\/odolab.osu.cz\/wp-content\/uploads\/2025\/02\/thumbnail_1e8fdd81-2c71-4e4d-a0e9-dd4281b4d922-1.jpg\" class=\"attachment-large size-large wp-image-460\" alt=\"\" srcset=\"https:\/\/odolab.osu.cz\/wp-content\/uploads\/2025\/02\/thumbnail_1e8fdd81-2c71-4e4d-a0e9-dd4281b4d922-1.jpg 666w, https:\/\/odolab.osu.cz\/wp-content\/uploads\/2025\/02\/thumbnail_1e8fdd81-2c71-4e4d-a0e9-dd4281b4d922-1-300x300.jpg 300w, https:\/\/odolab.osu.cz\/wp-content\/uploads\/2025\/02\/thumbnail_1e8fdd81-2c71-4e4d-a0e9-dd4281b4d922-1-150x150.jpg 150w\" sizes=\"(max-width: 666px) 100vw, 666px\" \/>\t\t\t\t\t\t\t\t\t\t\t\t\t\t\t<\/div>\n\t\t\t\t<\/div>\n\t\t\t\t<\/div>\n\t\t<div class=\"elementor-element elementor-element-7499697 e-con-full e-flex e-con e-child\" data-id=\"7499697\" data-element_type=\"container\" data-e-type=\"container\">\n\t\t\t\t<div class=\"elementor-element elementor-element-967db28 elementor-widget elementor-widget-image\" data-id=\"967db28\" data-element_type=\"widget\" data-e-type=\"widget\" data-widget_type=\"image.default\">\n\t\t\t\t<div class=\"elementor-widget-container\">\n\t\t\t\t\t\t\t\t\t\t\t\t\t\t\t<img loading=\"lazy\" decoding=\"async\" width=\"659\" height=\"659\" src=\"https:\/\/odolab.osu.cz\/wp-content\/uploads\/2025\/02\/IMG_0469-1.jpg\" class=\"attachment-large size-large wp-image-462\" alt=\"\" srcset=\"https:\/\/odolab.osu.cz\/wp-content\/uploads\/2025\/02\/IMG_0469-1.jpg 659w, https:\/\/odolab.osu.cz\/wp-content\/uploads\/2025\/02\/IMG_0469-1-300x300.jpg 300w, https:\/\/odolab.osu.cz\/wp-content\/uploads\/2025\/02\/IMG_0469-1-150x150.jpg 150w\" sizes=\"(max-width: 659px) 100vw, 659px\" \/>\t\t\t\t\t\t\t\t\t\t\t\t\t\t\t<\/div>\n\t\t\t\t<\/div>\n\t\t\t\t<\/div>\n\t\t<div class=\"elementor-element elementor-element-5244cb2 e-con-full e-flex e-con e-child\" data-id=\"5244cb2\" data-element_type=\"container\" data-e-type=\"container\">\n\t\t\t\t<div class=\"elementor-element elementor-element-ce472d9 elementor-widget elementor-widget-image\" data-id=\"ce472d9\" data-element_type=\"widget\" data-e-type=\"widget\" data-widget_type=\"image.default\">\n\t\t\t\t<div class=\"elementor-widget-container\">\n\t\t\t\t\t\t\t\t\t\t\t\t\t\t\t<img loading=\"lazy\" decoding=\"async\" width=\"576\" height=\"576\" src=\"https:\/\/odolab.osu.cz\/wp-content\/uploads\/2025\/02\/20240825_081501548_iOS-1-576x1024-3.jpg\" class=\"attachment-large size-large wp-image-459\" alt=\"\" srcset=\"https:\/\/odolab.osu.cz\/wp-content\/uploads\/2025\/02\/20240825_081501548_iOS-1-576x1024-3.jpg 576w, https:\/\/odolab.osu.cz\/wp-content\/uploads\/2025\/02\/20240825_081501548_iOS-1-576x1024-3-300x300.jpg 300w, https:\/\/odolab.osu.cz\/wp-content\/uploads\/2025\/02\/20240825_081501548_iOS-1-576x1024-3-150x150.jpg 150w\" sizes=\"(max-width: 576px) 100vw, 576px\" \/>\t\t\t\t\t\t\t\t\t\t\t\t\t\t\t<\/div>\n\t\t\t\t<\/div>\n\t\t\t\t<\/div>\n\t\t\t\t\t<\/div>\n\t\t\t\t<\/div>\n\t\t<div class=\"elementor-element elementor-element-0daeb6c e-flex e-con-boxed e-con e-parent\" data-id=\"0daeb6c\" data-element_type=\"container\" data-e-type=\"container\">\n\t\t\t\t\t<div class=\"e-con-inner\">\n\t\t\t\t<div class=\"elementor-element elementor-element-707a85d elementor-widget elementor-widget-text-editor\" data-id=\"707a85d\" data-element_type=\"widget\" data-e-type=\"widget\" data-widget_type=\"text-editor.default\">\n\t\t\t\t<div class=\"elementor-widget-container\">\n\t\t\t\t\t\t\t\t\t<p><span style=\"color: #999999;\">19. 02. 2025\u00a0<span style=\"text-align: var(--text-align);\">| Veronika Prielo\u017en\u00e1<\/span><\/span><\/p>\t\t\t\t\t\t\t\t<\/div>\n\t\t\t\t<\/div>\n\t\t\t\t\t<\/div>\n\t\t\t\t<\/div>\n\t\t<div class=\"elementor-element elementor-element-9e4fc0d e-flex e-con-boxed e-con e-parent\" data-id=\"9e4fc0d\" data-element_type=\"container\" data-e-type=\"container\">\n\t\t\t\t\t<div class=\"e-con-inner\">\n\t\t\t\t<div class=\"elementor-element elementor-element-05c6e3c elementor-widget elementor-widget-read-more\" data-id=\"05c6e3c\" data-element_type=\"widget\" data-e-type=\"widget\" data-widget_type=\"read-more.default\">\n\t\t\t\t<div class=\"elementor-widget-container\">\n\t\t\t\t\t<\/div><\/div><\/div><\/div><\/div> <a href=\"https:\/\/odolab.osu.cz\/?page_id=383#more-383\" class=\"more-link elementor-more-link\"><span aria-label=\"Pokra\u010dovat ve \u010dten\u00ed Aktuality\">Pokra\u010dovat ve \u010dten\u00ed<\/span><\/a>","protected":false},"excerpt":{"rendered":"<p>Klima m\u011bn\u00ed sv\u011bt v\u00e1\u017eek na evropsk\u00fdch ra\u0161elini\u0161t\u00edch 01. 07.\u00a02025 | Veronika Prielo\u017en\u00e1 Doktorandky Eva B\u00edlkov\u00e1 a Radana Chytilov\u00e1 z\u00edskaly na International Congress of Entomology (Japonsko 2025) ocen\u011bn\u00ed Award for woman scientists! 19. 02. 2025\u00a0| Veronika Prielo\u017en\u00e1<\/p>\n","protected":false},"author":1,"featured_media":0,"parent":0,"menu_order":0,"comment_status":"closed","ping_status":"closed","template":"","meta":{"footnotes":""},"class_list":["post-383","page","type-page","status-publish","hentry"],"yoast_head":"<!-- This site is optimized with the Yoast SEO plugin v25.5 - https:\/\/yoast.com\/wordpress\/plugins\/seo\/ -->\n<title>Aktuality - ODOLAB<\/title>\n<meta name=\"robots\" content=\"index, follow, max-snippet:-1, max-image-preview:large, max-video-preview:-1\" \/>\n<link rel=\"canonical\" href=\"https:\/\/odolab.osu.cz\/?page_id=383\" \/>\n<meta property=\"og:locale\" content=\"cs_CZ\" \/>\n<meta property=\"og:type\" content=\"article\" \/>\n<meta property=\"og:title\" content=\"Aktuality - ODOLAB\" \/>\n<meta property=\"og:description\" content=\"Klima m\u011bn\u00ed sv\u011bt v\u00e1\u017eek na evropsk\u00fdch ra\u0161elini\u0161t\u00edch 01. 07.\u00a02025 | Veronika Prielo\u017en\u00e1 Doktorandky Eva B\u00edlkov\u00e1 a Radana Chytilov\u00e1 z\u00edskaly na International Congress of Entomology (Japonsko 2025) ocen\u011bn\u00ed Award for woman scientists! 19. 02. 2025\u00a0| Veronika Prielo\u017en\u00e1\" \/>\n<meta property=\"og:url\" content=\"https:\/\/odolab.osu.cz\/?page_id=383\" \/>\n<meta property=\"og:site_name\" content=\"ODOLAB\" \/>\n<meta property=\"article:modified_time\" content=\"2025-07-16T11:08:50+00:00\" \/>\n<meta property=\"og:image\" content=\"https:\/\/odolab.osu.cz\/wp-content\/uploads\/2025\/07\/493318181_1256102516210861_679008476968097631_n.jpg\" \/>\n\t<meta property=\"og:image:width\" content=\"2048\" \/>\n\t<meta property=\"og:image:height\" content=\"1536\" \/>\n\t<meta property=\"og:image:type\" content=\"image\/jpeg\" \/>\n<meta name=\"twitter:card\" content=\"summary_large_image\" \/>\n<meta name=\"twitter:label1\" content=\"Odhadovan\u00e1 doba \u010dten\u00ed\" \/>\n\t<meta name=\"twitter:data1\" content=\"2 minuty\" \/>\n<script type=\"application\/ld+json\" class=\"yoast-schema-graph\">{\"@context\":\"https:\/\/schema.org\",\"@graph\":[{\"@type\":\"WebPage\",\"@id\":\"https:\/\/odolab.osu.cz\/?page_id=383\",\"url\":\"https:\/\/odolab.osu.cz\/?page_id=383\",\"name\":\"Aktuality - ODOLAB\",\"isPartOf\":{\"@id\":\"https:\/\/odolab.osu.cz\/#website\"},\"primaryImageOfPage\":{\"@id\":\"https:\/\/odolab.osu.cz\/?page_id=383#primaryimage\"},\"image\":{\"@id\":\"https:\/\/odolab.osu.cz\/?page_id=383#primaryimage\"},\"thumbnailUrl\":\"https:\/\/odolab.osu.cz\/wp-content\/uploads\/2025\/07\/493318181_1256102516210861_679008476968097631_n-1024x768.jpg\",\"datePublished\":\"2025-02-18T14:30:25+00:00\",\"dateModified\":\"2025-07-16T11:08:50+00:00\",\"breadcrumb\":{\"@id\":\"https:\/\/odolab.osu.cz\/?page_id=383#breadcrumb\"},\"inLanguage\":\"cs\",\"potentialAction\":[{\"@type\":\"ReadAction\",\"target\":[\"https:\/\/odolab.osu.cz\/?page_id=383\"]}]},{\"@type\":\"ImageObject\",\"inLanguage\":\"cs\",\"@id\":\"https:\/\/odolab.osu.cz\/?page_id=383#primaryimage\",\"url\":\"https:\/\/odolab.osu.cz\/wp-content\/uploads\/2025\/07\/493318181_1256102516210861_679008476968097631_n.jpg\",\"contentUrl\":\"https:\/\/odolab.osu.cz\/wp-content\/uploads\/2025\/07\/493318181_1256102516210861_679008476968097631_n.jpg\",\"width\":2048,\"height\":1536},{\"@type\":\"BreadcrumbList\",\"@id\":\"https:\/\/odolab.osu.cz\/?page_id=383#breadcrumb\",\"itemListElement\":[{\"@type\":\"ListItem\",\"position\":1,\"name\":\"Dom\u016f\",\"item\":\"https:\/\/odolab.osu.cz\/\"},{\"@type\":\"ListItem\",\"position\":2,\"name\":\"Aktuality\"}]},{\"@type\":\"WebSite\",\"@id\":\"https:\/\/odolab.osu.cz\/#website\",\"url\":\"https:\/\/odolab.osu.cz\/\",\"name\":\"ODOLAB\",\"description\":\"\",\"potentialAction\":[{\"@type\":\"SearchAction\",\"target\":{\"@type\":\"EntryPoint\",\"urlTemplate\":\"https:\/\/odolab.osu.cz\/?s={search_term_string}\"},\"query-input\":{\"@type\":\"PropertyValueSpecification\",\"valueRequired\":true,\"valueName\":\"search_term_string\"}}],\"inLanguage\":\"cs\"}]}<\/script>\n<!-- \/ Yoast SEO plugin. -->","yoast_head_json":{"title":"Aktuality - ODOLAB","robots":{"index":"index","follow":"follow","max-snippet":"max-snippet:-1","max-image-preview":"max-image-preview:large","max-video-preview":"max-video-preview:-1"},"canonical":"https:\/\/odolab.osu.cz\/?page_id=383","og_locale":"cs_CZ","og_type":"article","og_title":"Aktuality - ODOLAB","og_description":"Klima m\u011bn\u00ed sv\u011bt v\u00e1\u017eek na evropsk\u00fdch ra\u0161elini\u0161t\u00edch 01. 07.\u00a02025 | Veronika Prielo\u017en\u00e1 Doktorandky Eva B\u00edlkov\u00e1 a Radana Chytilov\u00e1 z\u00edskaly na International Congress of Entomology (Japonsko 2025) ocen\u011bn\u00ed Award for woman scientists! 19. 02. 2025\u00a0| Veronika Prielo\u017en\u00e1","og_url":"https:\/\/odolab.osu.cz\/?page_id=383","og_site_name":"ODOLAB","article_modified_time":"2025-07-16T11:08:50+00:00","og_image":[{"width":2048,"height":1536,"url":"https:\/\/odolab.osu.cz\/wp-content\/uploads\/2025\/07\/493318181_1256102516210861_679008476968097631_n.jpg","type":"image\/jpeg"}],"twitter_card":"summary_large_image","twitter_misc":{"Odhadovan\u00e1 doba \u010dten\u00ed":"2 minuty"},"schema":{"@context":"https:\/\/schema.org","@graph":[{"@type":"WebPage","@id":"https:\/\/odolab.osu.cz\/?page_id=383","url":"https:\/\/odolab.osu.cz\/?page_id=383","name":"Aktuality - ODOLAB","isPartOf":{"@id":"https:\/\/odolab.osu.cz\/#website"},"primaryImageOfPage":{"@id":"https:\/\/odolab.osu.cz\/?page_id=383#primaryimage"},"image":{"@id":"https:\/\/odolab.osu.cz\/?page_id=383#primaryimage"},"thumbnailUrl":"https:\/\/odolab.osu.cz\/wp-content\/uploads\/2025\/07\/493318181_1256102516210861_679008476968097631_n-1024x768.jpg","datePublished":"2025-02-18T14:30:25+00:00","dateModified":"2025-07-16T11:08:50+00:00","breadcrumb":{"@id":"https:\/\/odolab.osu.cz\/?page_id=383#breadcrumb"},"inLanguage":"cs","potentialAction":[{"@type":"ReadAction","target":["https:\/\/odolab.osu.cz\/?page_id=383"]}]},{"@type":"ImageObject","inLanguage":"cs","@id":"https:\/\/odolab.osu.cz\/?page_id=383#primaryimage","url":"https:\/\/odolab.osu.cz\/wp-content\/uploads\/2025\/07\/493318181_1256102516210861_679008476968097631_n.jpg","contentUrl":"https:\/\/odolab.osu.cz\/wp-content\/uploads\/2025\/07\/493318181_1256102516210861_679008476968097631_n.jpg","width":2048,"height":1536},{"@type":"BreadcrumbList","@id":"https:\/\/odolab.osu.cz\/?page_id=383#breadcrumb","itemListElement":[{"@type":"ListItem","position":1,"name":"Dom\u016f","item":"https:\/\/odolab.osu.cz\/"},{"@type":"ListItem","position":2,"name":"Aktuality"}]},{"@type":"WebSite","@id":"https:\/\/odolab.osu.cz\/#website","url":"https:\/\/odolab.osu.cz\/","name":"ODOLAB","description":"","potentialAction":[{"@type":"SearchAction","target":{"@type":"EntryPoint","urlTemplate":"https:\/\/odolab.osu.cz\/?s={search_term_string}"},"query-input":{"@type":"PropertyValueSpecification","valueRequired":true,"valueName":"search_term_string"}}],"inLanguage":"cs"}]}},"_links":{"self":[{"href":"https:\/\/odolab.osu.cz\/index.php?rest_route=\/wp\/v2\/pages\/383","targetHints":{"allow":["GET"]}}],"collection":[{"href":"https:\/\/odolab.osu.cz\/index.php?rest_route=\/wp\/v2\/pages"}],"about":[{"href":"https:\/\/odolab.osu.cz\/index.php?rest_route=\/wp\/v2\/types\/page"}],"author":[{"embeddable":true,"href":"https:\/\/odolab.osu.cz\/index.php?rest_route=\/wp\/v2\/users\/1"}],"replies":[{"embeddable":true,"href":"https:\/\/odolab.osu.cz\/index.php?rest_route=%2Fwp%2Fv2%2Fcomments&post=383"}],"version-history":[{"count":31,"href":"https:\/\/odolab.osu.cz\/index.php?rest_route=\/wp\/v2\/pages\/383\/revisions"}],"predecessor-version":[{"id":721,"href":"https:\/\/odolab.osu.cz\/index.php?rest_route=\/wp\/v2\/pages\/383\/revisions\/721"}],"wp:attachment":[{"href":"https:\/\/odolab.osu.cz\/index.php?rest_route=%2Fwp%2Fv2%2Fmedia&parent=383"}],"curies":[{"name":"wp","href":"https:\/\/api.w.org\/{rel}","templated":true}]}}