{"id":9,"date":"2024-11-13T19:25:25","date_gmt":"2024-11-13T18:25:25","guid":{"rendered":"https:\/\/odolab.osu.cz\/?page_id=9"},"modified":"2025-04-11T10:34:00","modified_gmt":"2025-04-11T08:34:00","slug":"projekty","status":"publish","type":"page","link":"https:\/\/odolab.osu.cz\/?page_id=9","title":{"rendered":"Projekty"},"content":{"rendered":"\t\t<div data-elementor-type=\"wp-page\" data-elementor-id=\"9\" class=\"elementor elementor-9\">\n\t\t\t\t<div class=\"elementor-element elementor-element-c49687f e-flex e-con-boxed e-con e-parent\" data-id=\"c49687f\" data-element_type=\"container\" data-e-type=\"container\">\n\t\t\t\t\t<div class=\"e-con-inner\">\n\t\t\t\t<div class=\"elementor-element elementor-element-3e1d406 elementor-widget elementor-widget-heading\" data-id=\"3e1d406\" data-element_type=\"widget\" data-e-type=\"widget\" data-widget_type=\"heading.default\">\n\t\t\t\t<div class=\"elementor-widget-container\">\n\t\t\t\t\t<h2 class=\"elementor-heading-title elementor-size-default\">2025\u20142028<\/h2>\t\t\t\t<\/div>\n\t\t\t\t<\/div>\n\t\t\t\t<div class=\"elementor-element elementor-element-99d7812 elementor-widget elementor-widget-text-editor\" data-id=\"99d7812\" data-element_type=\"widget\" data-e-type=\"widget\" data-widget_type=\"text-editor.default\">\n\t\t\t\t<div class=\"elementor-widget-container\">\n\t\t\t\t\t\t\t\t\t<p>TA\u010cR <span style=\"color: #8a8d69;\"><a style=\"color: #8a8d69;\" href=\"https:\/\/old.starfos.tacr.cz\/cs\/project\/SQ01010138#project-participants\">SQ01010138<\/a><\/span>: Komplexn\u00ed anal\u00fdza velk\u00fdch \u0159ek a jejich p\u0159\u00edtok\u016f ve velkoplo\u0161n\u00fdch ZCH\u00da z pohledu zachov\u00e1n\u00ed a revitalizace jejich geodiverzity a biodiverzity.<\/p>\t\t\t\t\t\t\t\t<\/div>\n\t\t\t\t<\/div>\n\t\t\t\t\t<\/div>\n\t\t\t\t<\/div>\n\t\t<div class=\"elementor-element elementor-element-a1466df e-flex e-con-boxed e-con e-parent\" data-id=\"a1466df\" data-element_type=\"container\" data-e-type=\"container\">\n\t\t\t\t\t<div class=\"e-con-inner\">\n\t\t\t\t<div class=\"elementor-element elementor-element-d873c92 elementor-widget elementor-widget-heading\" data-id=\"d873c92\" data-element_type=\"widget\" data-e-type=\"widget\" data-widget_type=\"heading.default\">\n\t\t\t\t<div class=\"elementor-widget-container\">\n\t\t\t\t\t<h2 class=\"elementor-heading-title elementor-size-default\">2025\u20142027<\/h2>\t\t\t\t<\/div>\n\t\t\t\t<\/div>\n\t\t\t\t<div class=\"elementor-element elementor-element-a67953b elementor-widget elementor-widget-text-editor\" data-id=\"a67953b\" data-element_type=\"widget\" data-e-type=\"widget\" data-widget_type=\"text-editor.default\">\n\t\t\t\t<div class=\"elementor-widget-container\">\n\t\t\t\t\t\t\t\t\t<p>GA\u010cR 25-16274S: Maladaptivn\u00ed chov\u00e1n\u00ed a druhov\u00e1 obm\u011bna jako kl\u00ed\u010d k pochopen\u00ed zranitelnosti sladkovodn\u00edch spole\u010denstev v\u016f\u010di n\u00e1hl\u00fdm zm\u011bn\u00e1m \u017eivotn\u00edho prost\u0159ed\u00ed.<\/p>\t\t\t\t\t\t\t\t<\/div>\n\t\t\t\t<\/div>\n\t\t\t\t\t<\/div>\n\t\t\t\t<\/div>\n\t\t<div class=\"elementor-element elementor-element-6c28ed0 e-flex e-con-boxed e-con e-parent\" data-id=\"6c28ed0\" data-element_type=\"container\" data-e-type=\"container\">\n\t\t\t\t\t<div class=\"e-con-inner\">\n\t\t\t\t<div class=\"elementor-element elementor-element-661b903 elementor-widget elementor-widget-heading\" data-id=\"661b903\" data-element_type=\"widget\" data-e-type=\"widget\" data-widget_type=\"heading.default\">\n\t\t\t\t<div class=\"elementor-widget-container\">\n\t\t\t\t\t<h2 class=\"elementor-heading-title elementor-size-default\">2024\u20142026<\/h2>\t\t\t\t<\/div>\n\t\t\t\t<\/div>\n\t\t\t\t<div class=\"elementor-element elementor-element-3d08646 elementor-widget elementor-widget-text-editor\" data-id=\"3d08646\" data-element_type=\"widget\" data-e-type=\"widget\" data-widget_type=\"text-editor.default\">\n\t\t\t\t<div class=\"elementor-widget-container\">\n\t\t\t\t\t\t\t\t\t<p><span class=\"TextRun SCXW53454420 BCX8\" lang=\"CS-CZ\" xml:lang=\"CS-CZ\" data-contrast=\"auto\"><span class=\"NormalTextRun SCXW53454420 BCX8\">TA\u010cR<\/span> <span style=\"color: #8a8d57;\"><a style=\"color: #8a8d57;\" href=\"https:\/\/starfos.tacr.cz\/projekty\/SS07010206#project-main\"><span class=\"NormalTextRun SCXW53454420 BCX8\">SS07010206<\/span><\/a><\/span>: <\/span><span class=\"TextRun SCXW53454420 BCX8\" lang=\"CS-CZ\" xml:lang=\"CS-CZ\" data-contrast=\"auto\"><span class=\"NormalTextRun SCXW53454420 BCX8\">Role a management opom\u00edjen\u00fdch typ\u016f s\u00eddeln\u00ed zelen\u011b pro udr\u017eiteln\u00fd rozvoj s\u00eddel v dob\u011b klimatick\u00e9 zm\u011bny<\/span><span class=\"NormalTextRun SCXW53454420 BCX8\">.<\/span><\/span><\/p>\t\t\t\t\t\t\t\t<\/div>\n\t\t\t\t<\/div>\n\t\t\t\t\t<\/div>\n\t\t\t\t<\/div>\n\t\t<div class=\"elementor-element elementor-element-6499acb e-flex e-con-boxed e-con e-parent\" data-id=\"6499acb\" data-element_type=\"container\" data-e-type=\"container\">\n\t\t\t\t\t<div class=\"e-con-inner\">\n\t\t\t\t<div class=\"elementor-element elementor-element-bc1e99a elementor-widget elementor-widget-heading\" data-id=\"bc1e99a\" data-element_type=\"widget\" data-e-type=\"widget\" data-widget_type=\"heading.default\">\n\t\t\t\t<div class=\"elementor-widget-container\">\n\t\t\t\t\t<h2 class=\"elementor-heading-title elementor-size-default\">2021\u20142024<\/h2>\t\t\t\t<\/div>\n\t\t\t\t<\/div>\n\t\t\t\t<div class=\"elementor-element elementor-element-e75f2c7 elementor-widget elementor-widget-text-editor\" data-id=\"e75f2c7\" data-element_type=\"widget\" data-e-type=\"widget\" data-widget_type=\"text-editor.default\">\n\t\t\t\t<div class=\"elementor-widget-container\">\n\t\t\t\t\t\t\t\t\t<p>GA\u010cR <span style=\"color: #8a8d57;\"><a style=\"color: #8a8d57;\" href=\"https:\/\/starfos.tacr.cz\/projekty\/GA21-03593S?query=xphqaac7zoea#project-main\">21-03593S<\/a><\/span>: Anestezie v rostlin\u00e1ch: signalizace a odpov\u011bdi.<\/p>\t\t\t\t\t\t\t\t<\/div>\n\t\t\t\t<\/div>\n\t\t\t\t\t<\/div>\n\t\t\t\t<\/div>\n\t\t<div class=\"elementor-element elementor-element-0183005 e-flex e-con-boxed e-con e-parent\" data-id=\"0183005\" data-element_type=\"container\" data-e-type=\"container\">\n\t\t\t\t\t<div class=\"e-con-inner\">\n\t\t\t\t<div class=\"elementor-element elementor-element-9242188 elementor-widget elementor-widget-heading\" data-id=\"9242188\" data-element_type=\"widget\" data-e-type=\"widget\" data-widget_type=\"heading.default\">\n\t\t\t\t<div class=\"elementor-widget-container\">\n\t\t\t\t\t<h2 class=\"elementor-heading-title elementor-size-default\">2016\u20142018<\/h2>\t\t\t\t<\/div>\n\t\t\t\t<\/div>\n\t\t\t\t<div class=\"elementor-element elementor-element-efa654f elementor-widget elementor-widget-text-editor\" data-id=\"efa654f\" data-element_type=\"widget\" data-e-type=\"widget\" data-widget_type=\"text-editor.default\">\n\t\t\t\t<div class=\"elementor-widget-container\">\n\t\t\t\t\t\t\t\t\t<p><span class=\"TextRun SCXW53454420 BCX8\" lang=\"CS-CZ\" xml:lang=\"CS-CZ\" data-contrast=\"auto\"><span class=\"NormalTextRun SCXW53454420 BCX8\">GA\u010cR <span style=\"color: #8a8d57;\"><a style=\"color: #8a8d57;\" href=\"https:\/\/starfos.tacr.cz\/cs\/projekty\/GJ16-07366Y\">16-07366Y<\/a><\/span>: Regulace enzymatick\u00fdch aktivit v maso\u017erav\u00fdch rostlin\u00e1ch.<\/span><\/span><\/p>\t\t\t\t\t\t\t\t<\/div>\n\t\t\t\t<\/div>\n\t\t\t\t\t<\/div>\n\t\t\t\t<\/div>\n\t\t\t\t<\/div>\n\t\t","protected":false},"excerpt":{"rendered":"<p>2025\u20142028 TA\u010cR SQ01010138: Komplexn\u00ed anal\u00fdza velk\u00fdch \u0159ek a jejich p\u0159\u00edtok\u016f ve velkoplo\u0161n\u00fdch ZCH\u00da z pohledu zachov\u00e1n\u00ed a revitalizace jejich geodiverzity a biodiverzity. 2025\u20142027 GA\u010cR 25-16274S: Maladaptivn\u00ed chov\u00e1n\u00ed a druhov\u00e1 obm\u011bna jako kl\u00ed\u010d k pochopen\u00ed zranitelnosti sladkovodn\u00edch spole\u010denstev v\u016f\u010di n\u00e1hl\u00fdm zm\u011bn\u00e1m \u017eivotn\u00edho prost\u0159ed\u00ed. 2024\u20142026 TA\u010cR SS07010206: Role a management opom\u00edjen\u00fdch typ\u016f s\u00eddeln\u00ed zelen\u011b pro udr\u017eiteln\u00fd rozvoj [&hellip;]<\/p>\n","protected":false},"author":1,"featured_media":0,"parent":0,"menu_order":0,"comment_status":"closed","ping_status":"closed","template":"","meta":{"footnotes":""},"class_list":["post-9","page","type-page","status-publish","hentry"],"yoast_head":"<!-- This site is optimized with the Yoast SEO plugin v25.5 - https:\/\/yoast.com\/wordpress\/plugins\/seo\/ -->\n<title>Projekty - ODOLAB<\/title>\n<meta name=\"robots\" content=\"index, follow, max-snippet:-1, max-image-preview:large, max-video-preview:-1\" \/>\n<link rel=\"canonical\" href=\"https:\/\/odolab.osu.cz\/?page_id=9\" \/>\n<meta property=\"og:locale\" content=\"cs_CZ\" \/>\n<meta property=\"og:type\" content=\"article\" \/>\n<meta property=\"og:title\" content=\"Projekty - ODOLAB\" \/>\n<meta property=\"og:description\" content=\"2025\u20142028 TA\u010cR SQ01010138: Komplexn\u00ed anal\u00fdza velk\u00fdch \u0159ek a jejich p\u0159\u00edtok\u016f ve velkoplo\u0161n\u00fdch ZCH\u00da z pohledu zachov\u00e1n\u00ed a revitalizace jejich geodiverzity a biodiverzity. 2025\u20142027 GA\u010cR 25-16274S: Maladaptivn\u00ed chov\u00e1n\u00ed a druhov\u00e1 obm\u011bna jako kl\u00ed\u010d k pochopen\u00ed zranitelnosti sladkovodn\u00edch spole\u010denstev v\u016f\u010di n\u00e1hl\u00fdm zm\u011bn\u00e1m \u017eivotn\u00edho prost\u0159ed\u00ed. 2024\u20142026 TA\u010cR SS07010206: Role a management opom\u00edjen\u00fdch typ\u016f s\u00eddeln\u00ed zelen\u011b pro udr\u017eiteln\u00fd rozvoj [&hellip;]\" \/>\n<meta property=\"og:url\" content=\"https:\/\/odolab.osu.cz\/?page_id=9\" \/>\n<meta property=\"og:site_name\" content=\"ODOLAB\" \/>\n<meta property=\"article:modified_time\" content=\"2025-04-11T08:34:00+00:00\" \/>\n<meta name=\"twitter:card\" content=\"summary_large_image\" \/>\n<meta name=\"twitter:label1\" content=\"Odhadovan\u00e1 doba \u010dten\u00ed\" \/>\n\t<meta name=\"twitter:data1\" content=\"1 minuta\" \/>\n<script type=\"application\/ld+json\" class=\"yoast-schema-graph\">{\"@context\":\"https:\/\/schema.org\",\"@graph\":[{\"@type\":\"WebPage\",\"@id\":\"https:\/\/odolab.osu.cz\/?page_id=9\",\"url\":\"https:\/\/odolab.osu.cz\/?page_id=9\",\"name\":\"Projekty - ODOLAB\",\"isPartOf\":{\"@id\":\"https:\/\/odolab.osu.cz\/#website\"},\"datePublished\":\"2024-11-13T18:25:25+00:00\",\"dateModified\":\"2025-04-11T08:34:00+00:00\",\"breadcrumb\":{\"@id\":\"https:\/\/odolab.osu.cz\/?page_id=9#breadcrumb\"},\"inLanguage\":\"cs\",\"potentialAction\":[{\"@type\":\"ReadAction\",\"target\":[\"https:\/\/odolab.osu.cz\/?page_id=9\"]}]},{\"@type\":\"BreadcrumbList\",\"@id\":\"https:\/\/odolab.osu.cz\/?page_id=9#breadcrumb\",\"itemListElement\":[{\"@type\":\"ListItem\",\"position\":1,\"name\":\"Dom\u016f\",\"item\":\"https:\/\/odolab.osu.cz\/\"},{\"@type\":\"ListItem\",\"position\":2,\"name\":\"Projekty\"}]},{\"@type\":\"WebSite\",\"@id\":\"https:\/\/odolab.osu.cz\/#website\",\"url\":\"https:\/\/odolab.osu.cz\/\",\"name\":\"ODOLAB\",\"description\":\"\",\"potentialAction\":[{\"@type\":\"SearchAction\",\"target\":{\"@type\":\"EntryPoint\",\"urlTemplate\":\"https:\/\/odolab.osu.cz\/?s={search_term_string}\"},\"query-input\":{\"@type\":\"PropertyValueSpecification\",\"valueRequired\":true,\"valueName\":\"search_term_string\"}}],\"inLanguage\":\"cs\"}]}<\/script>\n<!-- \/ Yoast SEO plugin. -->","yoast_head_json":{"title":"Projekty - ODOLAB","robots":{"index":"index","follow":"follow","max-snippet":"max-snippet:-1","max-image-preview":"max-image-preview:large","max-video-preview":"max-video-preview:-1"},"canonical":"https:\/\/odolab.osu.cz\/?page_id=9","og_locale":"cs_CZ","og_type":"article","og_title":"Projekty - ODOLAB","og_description":"2025\u20142028 TA\u010cR SQ01010138: Komplexn\u00ed anal\u00fdza velk\u00fdch \u0159ek a jejich p\u0159\u00edtok\u016f ve velkoplo\u0161n\u00fdch ZCH\u00da z pohledu zachov\u00e1n\u00ed a revitalizace jejich geodiverzity a biodiverzity. 2025\u20142027 GA\u010cR 25-16274S: Maladaptivn\u00ed chov\u00e1n\u00ed a druhov\u00e1 obm\u011bna jako kl\u00ed\u010d k pochopen\u00ed zranitelnosti sladkovodn\u00edch spole\u010denstev v\u016f\u010di n\u00e1hl\u00fdm zm\u011bn\u00e1m \u017eivotn\u00edho prost\u0159ed\u00ed. 2024\u20142026 TA\u010cR SS07010206: Role a management opom\u00edjen\u00fdch typ\u016f s\u00eddeln\u00ed zelen\u011b pro udr\u017eiteln\u00fd rozvoj [&hellip;]","og_url":"https:\/\/odolab.osu.cz\/?page_id=9","og_site_name":"ODOLAB","article_modified_time":"2025-04-11T08:34:00+00:00","twitter_card":"summary_large_image","twitter_misc":{"Odhadovan\u00e1 doba \u010dten\u00ed":"1 minuta"},"schema":{"@context":"https:\/\/schema.org","@graph":[{"@type":"WebPage","@id":"https:\/\/odolab.osu.cz\/?page_id=9","url":"https:\/\/odolab.osu.cz\/?page_id=9","name":"Projekty - ODOLAB","isPartOf":{"@id":"https:\/\/odolab.osu.cz\/#website"},"datePublished":"2024-11-13T18:25:25+00:00","dateModified":"2025-04-11T08:34:00+00:00","breadcrumb":{"@id":"https:\/\/odolab.osu.cz\/?page_id=9#breadcrumb"},"inLanguage":"cs","potentialAction":[{"@type":"ReadAction","target":["https:\/\/odolab.osu.cz\/?page_id=9"]}]},{"@type":"BreadcrumbList","@id":"https:\/\/odolab.osu.cz\/?page_id=9#breadcrumb","itemListElement":[{"@type":"ListItem","position":1,"name":"Dom\u016f","item":"https:\/\/odolab.osu.cz\/"},{"@type":"ListItem","position":2,"name":"Projekty"}]},{"@type":"WebSite","@id":"https:\/\/odolab.osu.cz\/#website","url":"https:\/\/odolab.osu.cz\/","name":"ODOLAB","description":"","potentialAction":[{"@type":"SearchAction","target":{"@type":"EntryPoint","urlTemplate":"https:\/\/odolab.osu.cz\/?s={search_term_string}"},"query-input":{"@type":"PropertyValueSpecification","valueRequired":true,"valueName":"search_term_string"}}],"inLanguage":"cs"}]}},"_links":{"self":[{"href":"https:\/\/odolab.osu.cz\/index.php?rest_route=\/wp\/v2\/pages\/9","targetHints":{"allow":["GET"]}}],"collection":[{"href":"https:\/\/odolab.osu.cz\/index.php?rest_route=\/wp\/v2\/pages"}],"about":[{"href":"https:\/\/odolab.osu.cz\/index.php?rest_route=\/wp\/v2\/types\/page"}],"author":[{"embeddable":true,"href":"https:\/\/odolab.osu.cz\/index.php?rest_route=\/wp\/v2\/users\/1"}],"replies":[{"embeddable":true,"href":"https:\/\/odolab.osu.cz\/index.php?rest_route=%2Fwp%2Fv2%2Fcomments&post=9"}],"version-history":[{"count":19,"href":"https:\/\/odolab.osu.cz\/index.php?rest_route=\/wp\/v2\/pages\/9\/revisions"}],"predecessor-version":[{"id":544,"href":"https:\/\/odolab.osu.cz\/index.php?rest_route=\/wp\/v2\/pages\/9\/revisions\/544"}],"wp:attachment":[{"href":"https:\/\/odolab.osu.cz\/index.php?rest_route=%2Fwp%2Fv2%2Fmedia&parent=9"}],"curies":[{"name":"wp","href":"https:\/\/api.w.org\/{rel}","templated":true}]}}